{"id":6932,"date":"2015-12-15T07:37:33","date_gmt":"2015-12-15T07:37:33","guid":{"rendered":"http:\/\/consulting.stylemixthemes.com\/?page_id=9"},"modified":"2021-04-17T22:43:05","modified_gmt":"2021-04-17T22:43:05","slug":"a-propos-de-nous","status":"publish","type":"page","link":"https:\/\/salutetjoie.org\/index.php\/a-propos-de-nous\/","title":{"rendered":"A propos de nous"},"content":{"rendered":"<p>[vc_row css=&#8221;.vc_custom_1618530543082{margin-bottom: 100px !important;}&#8221;][vc_column offset=&#8221;vc_col-lg-9 vc_col-md-9&#8243;]\n\t\t\t<!-- START About Us Slider1 REVOLUTION SLIDER 6.4.6 --><p class=\"rs-p-wp-fix\"><\/p>\n\t\t\t<rs-module-wrap id=\"rev_slider_11_1_wrapper\" data-source=\"gallery\" style=\"background:transparent;padding:0;margin:0px auto;margin-top:0;margin-bottom:0;max-width:;\">\n\t\t\t\t<rs-module id=\"rev_slider_11_1\" style=\"\" data-version=\"6.4.6\">\n\t\t\t\t\t<rs-slides>\n\t\t\t\t\t\t<rs-slide data-key=\"rs-17\" data-title=\"Slide\" data-thumb=\"\/\/salutetjoie.org\/wp-content\/uploads\/2019\/09\/A-propos-images-100x50.jpg\" data-in=\"x:(100%);\" class=\"third_bg_color\">\n\t\t\t\t\t\t\t<img loading=\"lazy\" decoding=\"async\" src=\"\/\/salutetjoie.org\/wp-content\/uploads\/2019\/09\/A-propos-images.jpg\" title=\"A propos images\" width=\"851\" height=\"467\" class=\"rev-slidebg tp-rs-img\" data-no-retina>\n<!---->\t\t\t\t\t\t<\/rs-slide>\n\t\t\t\t\t\t<rs-slide data-key=\"rs-22\" data-title=\"Slide\" data-thumb=\"\/\/salutetjoie.org\/wp-content\/uploads\/2019\/09\/Untitled-4-100x50.jpg\" data-in=\"x:(100%);\" class=\"third_bg_color\">\n\t\t\t\t\t\t\t<img loading=\"lazy\" decoding=\"async\" src=\"\/\/salutetjoie.org\/wp-content\/uploads\/2019\/09\/Untitled-4.jpg\" title=\"Untitled 4\" width=\"1084\" height=\"590\" class=\"rev-slidebg tp-rs-img\" data-no-retina>\n<!---->\t\t\t\t\t\t<\/rs-slide>\n\t\t\t\t\t<\/rs-slides>\n\t\t\t\t<\/rs-module>\n\t\t\t\t<script type=\"text\/javascript\">\n\t\t\t\t\tsetREVStartSize({c: 'rev_slider_11_1',rl:[1240,1024,778,480],el:[407],gw:[825],gh:[407],type:'carousel',justify:'',layout:'fullwidth',mh:\"0\"});\n\t\t\t\t\tvar\trevapi11,\n\t\t\t\t\t\ttpj;\n\t\t\t\t\tfunction revinit_revslider111() {\n\t\t\t\t\tjQuery(function() {\n\t\t\t\t\t\ttpj = jQuery;\n\t\t\t\t\t\trevapi11 = tpj(\"#rev_slider_11_1\");\n\t\t\t\t\t\tif(revapi11==undefined || revapi11.revolution == undefined){\n\t\t\t\t\t\t\trevslider_showDoubleJqueryError(\"rev_slider_11_1\");\n\t\t\t\t\t\t}else{\n\t\t\t\t\t\t\trevapi11.revolution({\n\t\t\t\t\t\t\t\tsliderType:\"carousel\",\n\t\t\t\t\t\t\t\tDPR:\"dpr\",\n\t\t\t\t\t\t\t\tvisibilityLevels:\"1240,1024,778,480\",\n\t\t\t\t\t\t\t\tgridwidth:825,\n\t\t\t\t\t\t\t\tgridheight:407,\n\t\t\t\t\t\t\t\thideSliderAtLimit:992,\n\t\t\t\t\t\t\t\tspinner:\"spinner0\",\n\t\t\t\t\t\t\t\tperspective:600,\n\t\t\t\t\t\t\t\tperspectiveType:\"local\",\n\t\t\t\t\t\t\t\teditorheight:\"407,768,960,720\",\n\t\t\t\t\t\t\t\tresponsiveLevels:\"1240,1024,778,480\",\n\t\t\t\t\t\t\t\tprogressBar:{disableProgressBar:true},\n\t\t\t\t\t\t\t\tnavigation: {\n\t\t\t\t\t\t\t\t\tmouseScrollNavigation:false,\n\t\t\t\t\t\t\t\t\twheelCallDelay:1000,\n\t\t\t\t\t\t\t\t\tonHoverStop:false,\n\t\t\t\t\t\t\t\t\tbullets: {\n\t\t\t\t\t\t\t\t\t\tenable:true,\n\t\t\t\t\t\t\t\t\t\ttmp:\"\",\n\t\t\t\t\t\t\t\t\t\tstyle:\"hesperiden\",\n\t\t\t\t\t\t\t\t\t\tv_offset:40,\n\t\t\t\t\t\t\t\t\t\tspace:20\n\t\t\t\t\t\t\t\t\t}\n\t\t\t\t\t\t\t\t},\n\t\t\t\t\t\t\t\tfallbacks: {\n\t\t\t\t\t\t\t\t\tallowHTML5AutoPlayOnAndroid:true\n\t\t\t\t\t\t\t\t},\n\t\t\t\t\t\t\t});\n\t\t\t\t\t\t}\n\t\t\t\t\t\t\n\t\t\t\t\t});\n\t\t\t\t\t} \/\/ End of RevInitScript\n\t\t\t\tvar once_revslider111 = false;\n\t\t\t\tif (document.readyState === \"loading\") {document.addEventListener('readystatechange',function() { if((document.readyState === \"interactive\" || document.readyState === \"complete\") && !once_revslider111 ) { once_revslider111 = true; revinit_revslider111();}});} else {once_revslider111 = true; revinit_revslider111();}\n\t\t\t\t<\/script>\n\t\t\t\t<script>\n\t\t\t\t\tvar htmlDivCss = unescape(\"%23rev_slider_11_1_wrapper%20.hesperiden.tp-bullets%20%7B%0A%7D%0A%23rev_slider_11_1_wrapper%20.hesperiden.tp-bullets%3Abefore%20%7B%0A%09content%3A%27%20%27%3B%0A%09position%3Aabsolute%3B%0A%09width%3A100%25%3B%0A%09height%3A100%25%3B%0A%09background%3Atransparent%3B%0A%09padding%3A10px%3B%0A%09margin-left%3A-10px%3Bmargin-top%3A-10px%3B%0A%09box-sizing%3Acontent-box%3B%0A%20%20%20border-radius%3A8px%3B%0A%20%20%0A%7D%0A%23rev_slider_11_1_wrapper%20.hesperiden%20.tp-bullet%20%7B%0A%09width%3A12px%3B%0A%09height%3A12px%3B%0A%09position%3Aabsolute%3B%0A%09background%3A%20%23999999%3B%20%2F%2A%20old%20browsers%20%2A%2F%0A%20%20%20%20background%3A%20-moz-linear-gradient%28top%2C%20%20%23999999%200%25%2C%20%23e1e1e1%20100%25%29%3B%20%2F%2A%20ff3.6%2B%20%2A%2F%0A%20%20%20%20background%3A%20-webkit-linear-gradient%28top%2C%20%20%23999999%200%25%2C%23e1e1e1%20100%25%29%3B%20%2F%2A%20chrome10%2B%2Csafari5.1%2B%20%2A%2F%0A%20%20%20%20background%3A%20-o-linear-gradient%28top%2C%20%20%23999999%200%25%2C%23e1e1e1%20100%25%29%3B%20%2F%2A%20opera%2011.10%2B%20%2A%2F%0A%20%20%20%20background%3A%20-ms-linear-gradient%28top%2C%20%20%23999999%200%25%2C%23e1e1e1%20100%25%29%3B%20%2F%2A%20ie10%2B%20%2A%2F%0A%20%20%20%20background%3A%20linear-gradient%28to%20bottom%2C%20%20%23999999%200%25%2C%23e1e1e1%20100%25%29%3B%20%2F%2A%20w3c%20%2A%2F%0A%20%20%20%20filter%3A%20progid%3Adximagetransform.microsoft.gradient%28%20%0A%20%20%20%20startcolorstr%3D%27%23999999%27%2C%20endcolorstr%3D%27%23e1e1e1%27%2Cgradienttype%3D0%20%29%3B%20%2F%2A%20ie6-9%20%2A%2F%0A%09border%3A3px%20solid%20%23e5e5e5%3B%0A%09border-radius%3A50%25%3B%0A%09cursor%3A%20pointer%3B%0A%09box-sizing%3Acontent-box%3B%0A%7D%0A%23rev_slider_11_1_wrapper%20.hesperiden%20.tp-bullet%3Ahover%2C%0A%23rev_slider_11_1_wrapper%20.hesperiden%20.tp-bullet.selected%20%7B%0A%09background%3A%23666666%3B%0A%7D%0A%23rev_slider_11_1_wrapper%20.hesperiden%20.tp-bullet-image%20%7B%0A%7D%0A%23rev_slider_11_1_wrapper%20.hesperiden%20.tp-bullet-title%20%7B%0A%7D%0A%0A\");\n\t\t\t\t\tvar htmlDiv = document.getElementById('rs-plugin-settings-inline-css');\n\t\t\t\t\tif(htmlDiv) {\n\t\t\t\t\t\thtmlDiv.innerHTML = htmlDiv.innerHTML + htmlDivCss;\n\t\t\t\t\t}else{\n\t\t\t\t\t\tvar htmlDiv = document.createElement('div');\n\t\t\t\t\t\thtmlDiv.innerHTML = '<style>' + htmlDivCss + '<\/style>';\n\t\t\t\t\t\tdocument.getElementsByTagName('head')[0].appendChild(htmlDiv.childNodes[0]);\n\t\t\t\t\t}\n\t\t\t\t<\/script>\n\t\t\t\t<script>\n\t\t\t\t\tvar htmlDivCss = unescape(\"%0A%0A%0A%0A%0A\");\n\t\t\t\t\tvar htmlDiv = document.getElementById('rs-plugin-settings-inline-css');\n\t\t\t\t\tif(htmlDiv) {\n\t\t\t\t\t\thtmlDiv.innerHTML = htmlDiv.innerHTML + htmlDivCss;\n\t\t\t\t\t}else{\n\t\t\t\t\t\tvar htmlDiv = document.createElement('div');\n\t\t\t\t\t\thtmlDiv.innerHTML = '<style>' + htmlDivCss + '<\/style>';\n\t\t\t\t\t\tdocument.getElementsByTagName('head')[0].appendChild(htmlDiv.childNodes[0]);\n\t\t\t\t\t}\n\t\t\t\t<\/script>\n\t\t\t<\/rs-module-wrap>\n\t\t\t<!-- END REVOLUTION SLIDER -->\n[vc_custom_heading text=&#8221;Notre mission&#8221; font_container=&#8221;tag:h4|text_align:left|color:%23222222&#8243; use_theme_fonts=&#8221;yes&#8221; el_class=&#8221;no_stripe&#8221; css=&#8221;.vc_custom_1618415076243{margin-top: 28px !important;}&#8221;][vc_column_text]SALUT &amp; JOIE, Groupe d\u2019Evang\u00e9lisation et de Musique Chr\u00e9tienne a \u00e9t\u00e9 cr\u00e9\u00e9 en Septembre 2003\u00a0.Il rassemble des femmes et des hommes n\u00e9s de nouveau et de diff\u00e9rentes d\u00e9nomination chr\u00e9tienne \u00e9vang\u00e9liques, chacun ayant une passion inalt\u00e9rable pour le salut des \u00e2mes\u00a0.Le Minist\u00e8re de SALUT &amp; JOIE repose sur deux axes essentiels\u00a0:<\/p>\n<p>l\u2019\u00e9vang\u00e9lisation sous toutes ses formes et la musique chr\u00e9tienne qui transforme les vies.<\/p>\n<p>SALUT &amp; JOIE est donc un instrument du Seigneur \u00e0 la disposition du corps de christ au Togo et partout ailleurs. SALUT &amp;JOIE n\u2019est pas une \u00e9glise et n\u2019est non plus appel\u00e9 \u00e0 le devenir. Il appui les \u00e9glises d\u00e9j\u00e0 existantes et travaille avec elles pour l\u2019expansion du Royaume de J\u00e9sus- christ.[\/vc_column_text][vc_custom_heading text=&#8221;Notre vision&#8221; font_container=&#8221;tag:h4|text_align:left|color:%23222222&#8243; use_theme_fonts=&#8221;yes&#8221; el_class=&#8221;no_stripe&#8221; css=&#8221;.vc_custom_1618415754917{margin-top: 30px !important;}&#8221;][vc_column_text]\u00ab Que tous parviennent \u00e0 la connaissance de la v\u00e9rit\u00e9 \u00bb 1 Timoth\u00e9e 2 :4. Ainsi , pour SALUT &amp; JOIE et chacun de ses membres il faudra, selon 1Corinthiens 9 : 22 \u00ab se faire tout \u00e0 tous, pour sauver de toutes mani\u00e8res quelques-uns\u00bb car chaque \u00e2me pr\u00e9occupe. Pour se faire, chaque membre du groupe met en \u00e9vidence son don et talent pour la promotion et l\u2019\u00e9vang\u00e9lisation au Togo et partout dans le monde. \u00ab Des vases d\u2019honneur, sanctifi\u00e9s, utiles \u00e0 leur Maitre et propre \u00e0 toute bonne \u0153uvre\u00bb . Diff\u00e9rentes actions sont \u00e9galement initi\u00e9es et ou soutenue dans le sens de l\u2019accomplissement de cette vision.[\/vc_column_text][vc_custom_heading text=&#8221;Notre palmar\u00e8s&#8221; font_container=&#8221;tag:h4|text_align:left|color:%23222222&#8243; use_theme_fonts=&#8221;yes&#8221; el_class=&#8221;no_stripe&#8221; css=&#8221;.vc_custom_1618417025912{margin-top: 30px !important;}&#8221;][vc_column_text]Une dizaine de croisade d\u2019\u00e9vang\u00e9lisation sur toute l\u2019\u00e9tendue de notre territoire (Sagbado, Mission Tov\u00e9, Kovi\u00e9, Tohoun, Kara, etc) ; des concerts, des rencontres de Louange et d\u2019Adoration et d\u2019Actions de gr\u00e2ce dans quasiment toutes les villes du Togo : An\u00e9ho, Atakpam\u00e9, Dapaong, Kara, Kpalim\u00e9, Lom\u00e9, Sokod\u00e9, Ts\u00e9vi\u00e9 ).<\/p>\n<p>Une rencontre sous r\u00e9gionale de Louange et d\u2019Adoration d\u00e9nomm\u00e9e \u00ab AfricaPraise \u00bb, en Septembre 2013 , a compt\u00e9 plus de 30000 personnes au stade de K\u00e9gu\u00e9.<\/p>\n<p>Initiation depuis 2013, de la rencontre annuelle d\u00e9nomm\u00e9e \u00ab Journ\u00e9e Nationale de Reconnaissance \u00e0 Dieu \u00bb pour louer, adorer et remercier Dieu pour ses faveurs dont il fait b\u00e9n\u00e9ficier notre pays.<\/p>\n<p>Notre pri\u00e8re est que cette c\u00e9l\u00e9bration nationale soit reconnue comme telle par les autorit\u00e9s togolaises, \u00e0 l\u2019instar d\u2019autres nations, par des textes et des lois de la r\u00e9publique.<\/p>\n<p>En discographie, SALUT &amp; JOIE dispose d\u2019une s\u00e9rie de quatre(4) albums titr\u00e9s \u201cSeul J\u00e9sus sauve \u201cavec des morceaux comme \u00ab Nougan wo \u00bb, \u00ab Towo \u00bb, \u00ab Eben-ezer \u00bb, et \u00ab Jubil\u00e9 d\u2019Or \u00bb qui a \u00e9t\u00e9 sp\u00e9cialement d\u00e9dicac\u00e9 \u00e0 la Nation togolaise \u00e0 l\u2019occasion du cinquantenaire de son accession \u00e0 l\u2019ind\u00e9pendance.[\/vc_column_text][vc_custom_heading text=&#8221;Nos Moyens et Ressources&#8221; font_container=&#8221;tag:h4|text_align:left|color:%23222222&#8243; use_theme_fonts=&#8221;yes&#8221; el_class=&#8221;no_stripe&#8221; css=&#8221;.vc_custom_1618418064476{margin-top: 30px !important;}&#8221;][vc_column_text]<strong>.Ressources spirituelles<\/strong><\/p>\n<p>SALUT &amp; JOIE compte depuis sa cr\u00e9ation sur le soutien sans faille de Dieu, l\u2019initiateur et le r\u00e9alisateur de cette vision. Des hommes et femmes qui se tiennent constamment \u00e0 la br\u00e8che devant Dieu pour cette \u0153uvre. Vous pouvez en faire partie\u00a0!<\/p>\n<p><strong>.Ressources humaines <\/strong><\/p>\n<p>Des fr\u00e8res et des s\u0153urs, envoy\u00e9s par le Ma\u00eetre de la moisson dans ce minist\u00e8re pour le servir et pour sa gloire. Bien que n\u2019\u00e9tant pas p\u00e9cuniairement r\u00e9mun\u00e9r\u00e9s, ils se r\u00e9jouissent dans leur sacrifice de trouver leur r\u00e9compense dans le Seigneur fid\u00e8le.<\/p>\n<p><strong>.Ressources financi\u00e8res<\/strong><\/p>\n<p>A SALUT &amp; JOIE , l\u2019Eternel est notre premi\u00e8re et plus grande ressource ; viennent ensuite les membres, des partenaires et de l\u2019exploitation de notre logistique<\/p>\n<p><strong>.Logistique<\/strong><\/p>\n<p>Peuvent \u00eatre cit\u00e9s ici\u00a0:<\/p>\n<p><strong>-Le si\u00e8ge<\/strong>\u00a0: il est \u00e9quip\u00e9 de bureaux et d\u2019une salle de conf\u00e9rence de 250places au moins susceptible d\u2019\u00eatre lou\u00e9e pour des activit\u00e9s chr\u00e9tiennes<\/p>\n<p><strong>-Le mat\u00e9riel de musique et de sonorisation<\/strong> performant et adapt\u00e9, pouvant \u00eatre d\u00e9ploy\u00e9 sur toute forme d\u2019\u00e9v\u00e8nements<\/p>\n<p><strong>-Le parc auto <\/strong>compos\u00e9 d\u2019un grand bus climatis\u00e9 de 60places, de deux (2) minis bus de 35places et de 15places qui peuvent \u00e9galement \u00eatre lou\u00e9s<\/p>\n<p><strong>-Un studio<\/strong> d\u2019enregistrement live moderne qui fait la promotion des jeunes talents chr\u00e9tiens[\/vc_column_text][vc_custom_heading text=&#8221;Nos perspectives&#8221; font_container=&#8221;tag:h4|text_align:left|color:%23222222&#8243; use_theme_fonts=&#8221;yes&#8221; css=&#8221;.vc_custom_1618418099494{margin-bottom: 15px !important;}&#8221; el_class=&#8221;no_stripe&#8221;][vc_column_text]SALUT &amp; JOIE envisage \u00e0 moyen et long terme de\u00a0:<\/p>\n<p>.Cr\u00e9er une nouvelle chaine de radiot\u00e9l\u00e9vision chr\u00e9tienne internationale au Togo<\/p>\n<p>.Disposer d\u2019un cadre suffisamment spacieux pour de grands \u00e9v\u00e8nements chr\u00e9tiens<\/p>\n<p>.Etendre ses actions \u00e0 l\u2019\u00e9chelle internationale<\/p>\n<p>.Cr\u00e9er au Togo un centre de formation musicale d\u2019envergure internationale[\/vc_column_text][vc_row_inner][vc_column_inner width=&#8221;1\/2&#8243;][vc_custom_heading text=&#8221;Nos actions&#8221; font_container=&#8221;tag:h4|text_align:left|color:%23222222&#8243; use_theme_fonts=&#8221;yes&#8221; css=&#8221;.vc_custom_1618415833073{margin-bottom: 15px !important;}&#8221; el_class=&#8221;no_stripe&#8221;][vc_column_text]Pour atteindre notre vision, nous mobilisons nos ressources pour\u00a0:<\/p>\n<ul>\n<li>Organiser et ou appuyer des campagnes et croisades d\u2019\u00e9vang\u00e9lisation suivies ou non d\u2019implantation d\u2019\u00e9glises.<\/li>\n<li>Organiser des campagnes d\u2019\u00e9vang\u00e9lisation par projections de films<\/li>\n<li>Organiser des rencontres de Louange et d\u2019Adoration pour l\u2019\u00e9panouissement et la transformation des vies<\/li>\n<li>Collaborer avec les \u00e9glises ou association d\u2019\u00e9glises pour la cause de l\u2019\u00e9vangile et pour la gloire du Seigneur<\/li>\n<li>Travailler avec l\u2019\u00e9glise pour le salut des nations<\/li>\n<li>\u0152uvrer pour l\u2019\u00e9dification sociale des peuples et des communaut\u00e9s<\/li>\n<\/ul>\n<p>[\/vc_column_text][\/vc_column_inner][vc_column_inner width=&#8221;1\/2&#8243;][stm_spacing lg_spacing=&#8221;60&#8243;][vc_single_image image=&#8221;7774&#8243; img_size=&#8221;320&#215;320&#8243;][\/vc_column_inner][\/vc_row_inner][\/vc_column][\/vc_row]<\/p>\n","protected":false},"excerpt":{"rendered":"<p>[vc_row css=&#8221;.vc_custom_1618530543082{margin-bottom: 100px !important;}&#8221;][vc_column offset=&#8221;vc_col-lg-9 vc_col-md-9&#8243;][vc_custom_heading text=&#8221;Notre mission&#8221; font_container=&#8221;tag:h4|text_align:left|color:%23222222&#8243; use_theme_fonts=&#8221;yes&#8221; el_class=&#8221;no_stripe&#8221; css=&#8221;.vc_custom_1618415076243{margin-top: 28px !important;}&#8221;][vc_column_text]SALUT &amp; JOIE, Groupe d\u2019Evang\u00e9lisation et de Musique Chr\u00e9tienne a \u00e9t\u00e9 cr\u00e9\u00e9 en Septembre 2003\u00a0.Il rassemble des femmes et des hommes n\u00e9s de nouveau et de diff\u00e9rentes d\u00e9nomination chr\u00e9tienne \u00e9vang\u00e9liques, chacun ayant une passion inalt\u00e9rable pour le salut des \u00e2mes\u00a0.Le Minist\u00e8re de<\/p>\n","protected":false},"author":1,"featured_media":0,"parent":0,"menu_order":0,"comment_status":"closed","ping_status":"closed","template":"","meta":{"footnotes":""},"class_list":["post-6932","page","type-page","status-publish","hentry"],"_links":{"self":[{"href":"https:\/\/salutetjoie.org\/index.php\/wp-json\/wp\/v2\/pages\/6932","targetHints":{"allow":["GET"]}}],"collection":[{"href":"https:\/\/salutetjoie.org\/index.php\/wp-json\/wp\/v2\/pages"}],"about":[{"href":"https:\/\/salutetjoie.org\/index.php\/wp-json\/wp\/v2\/types\/page"}],"author":[{"embeddable":true,"href":"https:\/\/salutetjoie.org\/index.php\/wp-json\/wp\/v2\/users\/1"}],"replies":[{"embeddable":true,"href":"https:\/\/salutetjoie.org\/index.php\/wp-json\/wp\/v2\/comments?post=6932"}],"version-history":[{"count":14,"href":"https:\/\/salutetjoie.org\/index.php\/wp-json\/wp\/v2\/pages\/6932\/revisions"}],"predecessor-version":[{"id":7786,"href":"https:\/\/salutetjoie.org\/index.php\/wp-json\/wp\/v2\/pages\/6932\/revisions\/7786"}],"wp:attachment":[{"href":"https:\/\/salutetjoie.org\/index.php\/wp-json\/wp\/v2\/media?parent=6932"}],"curies":[{"name":"wp","href":"https:\/\/api.w.org\/{rel}","templated":true}]}}