{"id":1483,"date":"2017-02-09T14:13:33","date_gmt":"2017-02-09T14:13:33","guid":{"rendered":"http:\/\/consulting.stylemixthemes.com\/demo\/?page_id=1483"},"modified":"2021-04-17T22:48:00","modified_gmt":"2021-04-17T22:48:00","slug":"contactez-nous","status":"publish","type":"page","link":"https:\/\/salutetjoie.org\/index.php\/contactez-nous\/","title":{"rendered":"Contactez nous"},"content":{"rendered":"<p>[vc_row full_height=&#8221;yes&#8221; columns_placement=&#8221;top&#8221; equal_height=&#8221;yes&#8221;][vc_column offset=&#8221;vc_col-lg-8&#8243; css=&#8221;.vc_custom_1485439524000{padding-top: 58px !important;}&#8221;][vc_custom_heading text=&#8221;Contactez nous&#8221; google_fonts=&#8221;font_family:Poppins%3A300%2Cregular%2C500%2C600%2C700|font_style:700%20bold%3A700%3Anormal&#8221; css=&#8221;.vc_custom_1618221264659{margin-bottom: 51px !important;}&#8221;][vc_column_text css=&#8221;.vc_custom_1618221685910{margin-bottom: 30px !important;}&#8221;]<span style=\"font-family: Montserrat; color: #444444; font-size: 16px; letter-spacing: -0.4px;\">Vous pouvez b\u00e9n\u00e9ficier des services du groupe SALUT &amp; JOIE et ou de son minist\u00e8re, en adressant un courrier au Pr\u00e9sident du groupe \u00e0 l\u2019adresse indiqu\u00e9 \u00e0 la page suivante. <\/span>[\/vc_column_text][vc_custom_heading stripe_pos=&#8221;hide&#8221; text=&#8221;Pr\u00e9sident du groupe&#8221; font_container=&#8221;tag:h3|font_size:20px|text_align:left|color:%23222222|line_height:45px&#8221; google_fonts=&#8221;font_family:Montserrat%3Aregular%2C700|font_style:700%20bold%20regular%3A700%3Anormal&#8221; el_class=&#8221;border_base_color&#8221; css=&#8221;.vc_custom_1618221761571{margin-top: -5px !important;margin-bottom: -22px !important;border-top-width: 3px !important;padding-top: 0px !important;padding-bottom: 10px !important;border-top-style: solid !important;}&#8221;][vc_row_inner][vc_column_inner width=&#8221;1\/2&#8243; css=&#8221;.vc_custom_1485495966997{margin-bottom: 5px !important;}&#8221;][stm_contacts_widget style=&#8221;style_4&#8243; address=&#8221;Quartier Soviepe, Siege salut et joie<br \/>\n452 RUE \/ BP : 80335 Lom\u00e9-TOGO&#8221; phone=&#8221;+228 90 09 18 40&#8243; phone_two=&#8221;+228 22 50 83 83&#8243;][\/vc_column_inner][vc_column_inner width=&#8221;1\/2&#8243; css=&#8221;.vc_custom_1485495976629{margin-bottom: 5px !important;}&#8221;][stm_contacts_widget style=&#8221;style_4&#8243; facebook=&#8221;https:\/\/web.facebook.com\/salutetjoie&#8221; schedule=&#8221;Lundi \u00e0 Samedi 8H-17h<br \/>\nDimanche de 14h-17h&#8221; email=&#8221;salutetjoie@gmail.com&#8221;][\/vc_column_inner][\/vc_row_inner][vc_single_image image=&#8221;7743&#8243; img_size=&#8221;large&#8221; style=&#8221;vc_box_shadow_3d&#8221;][\/vc_column][vc_column css=&#8221;.vc_custom_1485496553792{padding-top: 20px !important;padding-bottom: 40px !important;background-color: #f2f2f2 !important;}&#8221; offset=&#8221;vc_col-lg-4&#8243; el_class=&#8221;form_full-right_width&#8221;][vc_custom_heading text=&#8221;Contacts&#8221; font_container=&#8221;tag:h4|text_align:left&#8221; google_fonts=&#8221;font_family:Montserrat%3Aregular%2C700|font_style:700%20bold%20regular%3A700%3Anormal&#8221;]<div role=\"form\" class=\"wpcf7\" id=\"wpcf7-f1475-o1\" lang=\"en-US\" dir=\"ltr\">\n<div class=\"screen-reader-response\"><p role=\"status\" aria-live=\"polite\" aria-atomic=\"true\"><\/p> <ul><\/ul><\/div>\n<form action=\"\/index.php\/wp-json\/wp\/v2\/pages\/1483#wpcf7-f1475-o1\" method=\"post\" class=\"wpcf7-form init\" novalidate=\"novalidate\" data-status=\"init\">\n<div style=\"display: none;\">\n<input type=\"hidden\" name=\"_wpcf7\" value=\"1475\" \/>\n<input type=\"hidden\" name=\"_wpcf7_version\" value=\"5.6\" \/>\n<input type=\"hidden\" name=\"_wpcf7_locale\" value=\"en_US\" \/>\n<input type=\"hidden\" name=\"_wpcf7_unit_tag\" value=\"wpcf7-f1475-o1\" \/>\n<input type=\"hidden\" name=\"_wpcf7_container_post\" value=\"0\" \/>\n<input type=\"hidden\" name=\"_wpcf7_posted_data_hash\" value=\"\" \/>\n<input type=\"hidden\" name=\"_wpcf7_recaptcha_response\" value=\"\" \/>\n<\/div>\n<div class=\"request_callback\">\n        <div class=\"input-group\">\n            <span class=\"wpcf7-form-control-wrap\" data-name=\"message\"><textarea name=\"message\" cols=\"40\" rows=\"10\" class=\"wpcf7-form-control wpcf7-textarea wpcf7-validates-as-required height147\" aria-required=\"true\" aria-invalid=\"false\" placeholder=\"Message *\"><\/textarea><\/span>\n        <\/div>\n        <div class=\"input-group\">\n            <span class=\"wpcf7-form-control-wrap\" data-name=\"text-name\"><input type=\"text\" name=\"text-name\" value=\"\" size=\"40\" class=\"wpcf7-form-control wpcf7-text wpcf7-validates-as-required\" aria-required=\"true\" aria-invalid=\"false\" placeholder=\"Nom complet *\" \/><\/span>\n        <\/div>\n        <div class=\"input-group\">\n            <span class=\"wpcf7-form-control-wrap\" data-name=\"email\"><input type=\"email\" name=\"email\" value=\"\" size=\"40\" class=\"wpcf7-form-control wpcf7-text wpcf7-email wpcf7-validates-as-required wpcf7-validates-as-email\" aria-required=\"true\" aria-invalid=\"false\" placeholder=\"E-mail *\" \/><\/span>\n        <\/div>\n        <div class=\"input-group\">\n            <span class=\"wpcf7-form-control-wrap\" data-name=\"subject\"><input type=\"text\" name=\"subject\" value=\"\" size=\"40\" class=\"wpcf7-form-control wpcf7-text wpcf7-validates-as-required\" aria-required=\"true\" aria-invalid=\"false\" placeholder=\"Sujet *\" \/><\/span>\n        <\/div>\n        <div class=\"input-group\">\n            <button type=\"submit\" class=\"button size-lg icon_right\">Renvoyer <i class=\"fa fa-chevron-right\"><\/i><\/button>\n        <\/div>\n<\/div><div class=\"wpcf7-response-output\" aria-hidden=\"true\"><\/div><\/form><\/div>[\/vc_column][\/vc_row][vc_row full_width=&#8221;stretch_row_content&#8221; content_placement=&#8221;middle&#8221; css=&#8221;.vc_custom_1618223544781{margin-bottom: -60px !important;}&#8221;][vc_column][vc_gmaps link=&#8221;#E-8_JTNDaWZyYW1lJTIwc3JjJTNEJTIyaHR0cHMlM0ElMkYlMkZ3d3cuZ29vZ2xlLmNvbSUyRm1hcHMlMkZlbWJlZCUzRnBiJTNEJTIxMW0xNCUyMTFtOCUyMTFtMyUyMTFkMTU4NjYuNjQ0OTcyMDY4MzElMjEyZDEuMTgxOTEwNSUyMTNkNi4xNzYwODQ0JTIxM20yJTIxMWkxMDI0JTIxMmk3NjglMjE0ZjEzLjElMjEzbTMlMjExbTIlMjExczB4MCUyNTNBMHg0NzRjY2UwNGE2NDk0ZmRiJTIxMnNTaWVnZSUyNTIwU2FsdXQlMjUyMGV0JTI1MjBKb2llJTIxNWUwJTIxM20yJTIxMXNmciUyMTJzc24lMjE0djE2MTgyMjI0MTA4ODglMjE1bTIlMjExc2ZyJTIxMnNzbiUyMiUyMHdpZHRoJTNEJTIyMTAwJTI1JTIyJTIwaGVpZ2h0JTNEJTIyMzgycHglMjIlMjBmcmFtZWJvcmRlciUzRCUyMjAlMjIlMjBzdHlsZSUzRCUyMmJvcmRlciUzQTAlMjIlMjBhbGxvd2Z1bGxzY3JlZW4lM0UlM0MlMkZpZnJhbWUlM0U=&#8221;][\/vc_column][\/vc_row]<\/p>\n","protected":false},"excerpt":{"rendered":"<p>[vc_row full_height=&#8221;yes&#8221; columns_placement=&#8221;top&#8221; equal_height=&#8221;yes&#8221;][vc_column offset=&#8221;vc_col-lg-8&#8243; css=&#8221;.vc_custom_1485439524000{padding-top: 58px !important;}&#8221;][vc_custom_heading text=&#8221;Contactez nous&#8221; google_fonts=&#8221;font_family:Poppins%3A300%2Cregular%2C500%2C600%2C700|font_style:700%20bold%3A700%3Anormal&#8221; css=&#8221;.vc_custom_1618221264659{margin-bottom: 51px !important;}&#8221;][vc_column_text css=&#8221;.vc_custom_1618221685910{margin-bottom: 30px !important;}&#8221;]Vous pouvez b\u00e9n\u00e9ficier des services du groupe SALUT &amp; JOIE et ou de son minist\u00e8re, en adressant un courrier au Pr\u00e9sident du groupe \u00e0 l\u2019adresse indiqu\u00e9 \u00e0 la page suivante. [\/vc_column_text][vc_custom_heading stripe_pos=&#8221;hide&#8221; text=&#8221;Pr\u00e9sident du groupe&#8221; font_container=&#8221;tag:h3|font_size:20px|text_align:left|color:%23222222|line_height:45px&#8221; google_fonts=&#8221;font_family:Montserrat%3Aregular%2C700|font_style:700%20bold%20regular%3A700%3Anormal&#8221; el_class=&#8221;border_base_color&#8221; css=&#8221;.vc_custom_1618221761571{margin-top:<\/p>\n","protected":false},"author":1,"featured_media":0,"parent":0,"menu_order":0,"comment_status":"closed","ping_status":"closed","template":"","meta":{"footnotes":""},"class_list":["post-1483","page","type-page","status-publish","hentry"],"_links":{"self":[{"href":"https:\/\/salutetjoie.org\/index.php\/wp-json\/wp\/v2\/pages\/1483","targetHints":{"allow":["GET"]}}],"collection":[{"href":"https:\/\/salutetjoie.org\/index.php\/wp-json\/wp\/v2\/pages"}],"about":[{"href":"https:\/\/salutetjoie.org\/index.php\/wp-json\/wp\/v2\/types\/page"}],"author":[{"embeddable":true,"href":"https:\/\/salutetjoie.org\/index.php\/wp-json\/wp\/v2\/users\/1"}],"replies":[{"embeddable":true,"href":"https:\/\/salutetjoie.org\/index.php\/wp-json\/wp\/v2\/comments?post=1483"}],"version-history":[{"count":6,"href":"https:\/\/salutetjoie.org\/index.php\/wp-json\/wp\/v2\/pages\/1483\/revisions"}],"predecessor-version":[{"id":7787,"href":"https:\/\/salutetjoie.org\/index.php\/wp-json\/wp\/v2\/pages\/1483\/revisions\/7787"}],"wp:attachment":[{"href":"https:\/\/salutetjoie.org\/index.php\/wp-json\/wp\/v2\/media?parent=1483"}],"curies":[{"name":"wp","href":"https:\/\/api.w.org\/{rel}","templated":true}]}}